{"id":19237,"date":"2022-04-25T11:47:36","date_gmt":"2022-04-25T09:47:36","guid":{"rendered":"https:\/\/www.haldugroep.nl\/?page_id=19237"},"modified":"2022-05-06T09:00:07","modified_gmt":"2022-05-06T07:00:07","slug":"sprijin-individual","status":"publish","type":"page","link":"https:\/\/www.haldugroep.nl\/ro\/sprijin-individual\/","title":{"rendered":"Sprijin individual"},"content":{"rendered":"[vc_row type=&#8221;full_width_content&#8221; full_screen_row_position=&#8221;middle&#8221; column_margin=&#8221;default&#8221; equal_height=&#8221;yes&#8221; column_direction=&#8221;default&#8221; column_direction_tablet=&#8221;column_reverse&#8221; column_direction_phone=&#8221;column_reverse&#8221; scene_position=&#8221;center&#8221; text_color=&#8221;dark&#8221; text_align=&#8221;left&#8221; row_border_radius=&#8221;none&#8221; row_border_radius_applies=&#8221;bg&#8221; overflow=&#8221;visible&#8221; advanced_gradient_angle=&#8221;0&#8243; overlay_strength=&#8221;0.3&#8243; gradient_direction=&#8221;left_to_right&#8221; shape_divider_position=&#8221;bottom&#8221; bg_image_animation=&#8221;none&#8221; gradient_type=&#8221;default&#8221; shape_type=&#8221;&#8221;][vc_column column_padding=&#8221;no-extra-padding&#8221; column_padding_tablet=&#8221;inherit&#8221; column_padding_phone=&#8221;inherit&#8221; column_padding_position=&#8221;all&#8221; column_element_spacing=&#8221;default&#8221; background_color_opacity=&#8221;1&#8243; background_hover_color_opacity=&#8221;1&#8243; background_image=&#8221;18134&#8243; background_image_position=&#8221;center center&#8221; background_image_loading=&#8221;default&#8221; column_shadow=&#8221;none&#8221; column_border_radius=&#8221;none&#8221; column_link_target=&#8221;_self&#8221; column_position=&#8221;default&#8221; advanced_gradient_angle=&#8221;0&#8243; gradient_direction=&#8221;left_to_right&#8221; overlay_strength=&#8221;0.3&#8243; width=&#8221;1\/2&#8243; tablet_width_inherit=&#8221;default&#8221; tablet_text_alignment=&#8221;default&#8221; phone_text_alignment=&#8221;default&#8221; animation_type=&#8221;default&#8221; bg_image_animation=&#8221;none&#8221; border_type=&#8221;simple&#8221; column_border_width=&#8221;none&#8221; column_border_style=&#8221;solid&#8221; gradient_type=&#8221;default&#8221;][\/vc_column][vc_column column_padding=&#8221;padding-10-percent&#8221; column_padding_tablet=&#8221;inherit&#8221; column_padding_phone=&#8221;inherit&#8221; column_padding_position=&#8221;all&#8221; column_element_spacing=&#8221;default&#8221; background_color_opacity=&#8221;1&#8243; background_hover_color_opacity=&#8221;1&#8243; column_shadow=&#8221;none&#8221; column_border_radius=&#8221;none&#8221; column_link_target=&#8221;_self&#8221; column_position=&#8221;default&#8221; advanced_gradient_angle=&#8221;0&#8243; gradient_direction=&#8221;left_to_right&#8221; overlay_strength=&#8221;0.3&#8243; width=&#8221;1\/2&#8243; tablet_width_inherit=&#8221;default&#8221; tablet_text_alignment=&#8221;default&#8221; phone_text_alignment=&#8221;default&#8221; animation_type=&#8221;default&#8221; bg_image_animation=&#8221;none&#8221; border_type=&#8221;simple&#8221; column_border_width=&#8221;none&#8221; column_border_style=&#8221;solid&#8221; gradient_type=&#8221;default&#8221;][vc_custom_heading text=&#8221;Sprijin individual&#8221; font_container=&#8221;tag:h1|font_size:38|text_align:left|line_height:1.2&#8243; use_theme_fonts=&#8221;yes&#8221; css_animation=&#8221;none&#8221;][vc_column_text]La Haldu Groep, recrut\u0103m cei mai buni profesioni\u0219ti. \u00cen schimbul talentului, angajamentului \u0219i profesionalismului dvs., antrenorul dvs. de lucru personal de la Haldu Groep, v\u0103 va oferi \u00eentregul sprijin la \u00eenceperea muncii pentru un anumit proiect la angajator \u0219i pentru \u00eentreaga perioad\u0103.<\/p>\n<p><strong>Coordonatorul dvs. personal<\/strong><br \/>\nContact personal la \u0219antier, dar \u0219i contact individual cu coordonatorul s\u0103u, datorit\u0103 c\u0103ruia communicarea este clar\u0103 \u0219i rapid\u0103. \u00cembun\u0103t\u0103\u021be\u0219te satisfac\u021bia angaja\u021bilor \u0219i deci satisfac\u021bia dvs.![\/vc_column_text][\/vc_column][\/vc_row]\n","protected":false},"excerpt":{"rendered":"<p>[vc_row type=&#8221;full_width_content&#8221; full_screen_row_position=&#8221;middle&#8221; column_margin=&#8221;default&#8221; equal_height=&#8221;yes&#8221; column_direction=&#8221;default&#8221; column_direction_tablet=&#8221;column_reverse&#8221; column_direction_phone=&#8221;column_reverse&#8221; scene_position=&#8221;center&#8221; text_color=&#8221;dark&#8221; text_align=&#8221;left&#8221; row_border_radius=&#8221;none&#8221; row_border_radius_applies=&#8221;bg&#8221; overflow=&#8221;visible&#8221; advanced_gradient_angle=&#8221;0&#8243; overlay_strength=&#8221;0.3&#8243; gradient_direction=&#8221;left_to_right&#8221; shape_divider_position=&#8221;bottom&#8221; bg_image_animation=&#8221;none&#8221; gradient_type=&#8221;default&#8221;&#8230;<\/p>\n","protected":false},"author":10,"featured_media":0,"parent":0,"menu_order":0,"comment_status":"closed","ping_status":"closed","template":"","meta":{"_acf_changed":false,"footnotes":""},"class_list":["post-19237","page","type-page","status-publish"],"acf":[],"yoast_head":"<!-- This site is optimized with the Yoast SEO plugin v27.3 - https:\/\/yoast.com\/product\/yoast-seo-wordpress\/ -->\n<title>Sprijin individual | Haldu Groep<\/title>\n<meta name=\"description\" content=\"Sprijin individual\" \/>\n<meta name=\"robots\" content=\"index, follow, max-snippet:-1, max-image-preview:large, max-video-preview:-1\" \/>\n<link rel=\"canonical\" href=\"https:\/\/www.haldugroep.nl\/ro\/sprijin-individual\/\" \/>\n<meta name=\"twitter:card\" content=\"summary_large_image\" \/>\n<meta name=\"twitter:title\" content=\"Sprijin individual | Haldu Groep\" \/>\n<meta name=\"twitter:description\" content=\"Sprijin individual\" \/>\n<meta name=\"twitter:label1\" content=\"Timp estimat pentru citire\" \/>\n\t<meta name=\"twitter:data1\" content=\"1 minut\" \/>\n<script type=\"application\/ld+json\" class=\"yoast-schema-graph\">{\"@context\":\"https:\\\/\\\/schema.org\",\"@graph\":[{\"@type\":\"WebPage\",\"@id\":\"https:\\\/\\\/www.haldugroep.nl\\\/ro\\\/sprijin-individual\\\/\",\"url\":\"https:\\\/\\\/www.haldugroep.nl\\\/ro\\\/sprijin-individual\\\/\",\"name\":\"Sprijin individual | Haldu Groep\",\"isPartOf\":{\"@id\":\"https:\\\/\\\/www.haldugroep.nl\\\/ro\\\/#website\"},\"datePublished\":\"2022-04-25T09:47:36+00:00\",\"dateModified\":\"2022-05-06T07:00:07+00:00\",\"description\":\"Sprijin individual\",\"breadcrumb\":{\"@id\":\"https:\\\/\\\/www.haldugroep.nl\\\/ro\\\/sprijin-individual\\\/#breadcrumb\"},\"inLanguage\":\"ro-RO\",\"potentialAction\":[{\"@type\":\"ReadAction\",\"target\":[\"https:\\\/\\\/www.haldugroep.nl\\\/ro\\\/sprijin-individual\\\/\"]}]},{\"@type\":\"BreadcrumbList\",\"@id\":\"https:\\\/\\\/www.haldugroep.nl\\\/ro\\\/sprijin-individual\\\/#breadcrumb\",\"itemListElement\":[{\"@type\":\"ListItem\",\"position\":1,\"name\":\"Home\",\"item\":\"https:\\\/\\\/www.haldugroep.nl\\\/ro\\\/\"},{\"@type\":\"ListItem\",\"position\":2,\"name\":\"Sprijin individual\"}]},{\"@type\":\"WebSite\",\"@id\":\"https:\\\/\\\/www.haldugroep.nl\\\/ro\\\/#website\",\"url\":\"https:\\\/\\\/www.haldugroep.nl\\\/ro\\\/\",\"name\":\"Haldu Groep\",\"description\":\"\",\"publisher\":{\"@id\":\"https:\\\/\\\/www.haldugroep.nl\\\/ro\\\/#organization\"},\"potentialAction\":[{\"@type\":\"SearchAction\",\"target\":{\"@type\":\"EntryPoint\",\"urlTemplate\":\"https:\\\/\\\/www.haldugroep.nl\\\/ro\\\/?s={search_term_string}\"},\"query-input\":{\"@type\":\"PropertyValueSpecification\",\"valueRequired\":true,\"valueName\":\"search_term_string\"}}],\"inLanguage\":\"ro-RO\"},{\"@type\":\"Organization\",\"@id\":\"https:\\\/\\\/www.haldugroep.nl\\\/ro\\\/#organization\",\"name\":\"Haldu Groep\",\"url\":\"https:\\\/\\\/www.haldugroep.nl\\\/ro\\\/\",\"logo\":{\"@type\":\"ImageObject\",\"inLanguage\":\"ro-RO\",\"@id\":\"https:\\\/\\\/www.haldugroep.nl\\\/ro\\\/#\\\/schema\\\/logo\\\/image\\\/\",\"url\":\"https:\\\/\\\/www.haldugroep.nl\\\/wp-content\\\/uploads\\\/logo-haldu-groep-1.png\",\"contentUrl\":\"https:\\\/\\\/www.haldugroep.nl\\\/wp-content\\\/uploads\\\/logo-haldu-groep-1.png\",\"width\":900,\"height\":281,\"caption\":\"Haldu Groep\"},\"image\":{\"@id\":\"https:\\\/\\\/www.haldugroep.nl\\\/ro\\\/#\\\/schema\\\/logo\\\/image\\\/\"}}]}<\/script>\n<!-- \/ Yoast SEO plugin. -->","yoast_head_json":{"title":"Sprijin individual | Haldu Groep","description":"Sprijin individual","robots":{"index":"index","follow":"follow","max-snippet":"max-snippet:-1","max-image-preview":"max-image-preview:large","max-video-preview":"max-video-preview:-1"},"canonical":"https:\/\/www.haldugroep.nl\/ro\/sprijin-individual\/","twitter_card":"summary_large_image","twitter_title":"Sprijin individual | Haldu Groep","twitter_description":"Sprijin individual","twitter_misc":{"Timp estimat pentru citire":"1 minut"},"schema":{"@context":"https:\/\/schema.org","@graph":[{"@type":"WebPage","@id":"https:\/\/www.haldugroep.nl\/ro\/sprijin-individual\/","url":"https:\/\/www.haldugroep.nl\/ro\/sprijin-individual\/","name":"Sprijin individual | Haldu Groep","isPartOf":{"@id":"https:\/\/www.haldugroep.nl\/ro\/#website"},"datePublished":"2022-04-25T09:47:36+00:00","dateModified":"2022-05-06T07:00:07+00:00","description":"Sprijin individual","breadcrumb":{"@id":"https:\/\/www.haldugroep.nl\/ro\/sprijin-individual\/#breadcrumb"},"inLanguage":"ro-RO","potentialAction":[{"@type":"ReadAction","target":["https:\/\/www.haldugroep.nl\/ro\/sprijin-individual\/"]}]},{"@type":"BreadcrumbList","@id":"https:\/\/www.haldugroep.nl\/ro\/sprijin-individual\/#breadcrumb","itemListElement":[{"@type":"ListItem","position":1,"name":"Home","item":"https:\/\/www.haldugroep.nl\/ro\/"},{"@type":"ListItem","position":2,"name":"Sprijin individual"}]},{"@type":"WebSite","@id":"https:\/\/www.haldugroep.nl\/ro\/#website","url":"https:\/\/www.haldugroep.nl\/ro\/","name":"Haldu Groep","description":"","publisher":{"@id":"https:\/\/www.haldugroep.nl\/ro\/#organization"},"potentialAction":[{"@type":"SearchAction","target":{"@type":"EntryPoint","urlTemplate":"https:\/\/www.haldugroep.nl\/ro\/?s={search_term_string}"},"query-input":{"@type":"PropertyValueSpecification","valueRequired":true,"valueName":"search_term_string"}}],"inLanguage":"ro-RO"},{"@type":"Organization","@id":"https:\/\/www.haldugroep.nl\/ro\/#organization","name":"Haldu Groep","url":"https:\/\/www.haldugroep.nl\/ro\/","logo":{"@type":"ImageObject","inLanguage":"ro-RO","@id":"https:\/\/www.haldugroep.nl\/ro\/#\/schema\/logo\/image\/","url":"https:\/\/www.haldugroep.nl\/wp-content\/uploads\/logo-haldu-groep-1.png","contentUrl":"https:\/\/www.haldugroep.nl\/wp-content\/uploads\/logo-haldu-groep-1.png","width":900,"height":281,"caption":"Haldu Groep"},"image":{"@id":"https:\/\/www.haldugroep.nl\/ro\/#\/schema\/logo\/image\/"}}]}},"_links":{"self":[{"href":"https:\/\/www.haldugroep.nl\/ro\/wp-json\/wp\/v2\/pages\/19237","targetHints":{"allow":["GET"]}}],"collection":[{"href":"https:\/\/www.haldugroep.nl\/ro\/wp-json\/wp\/v2\/pages"}],"about":[{"href":"https:\/\/www.haldugroep.nl\/ro\/wp-json\/wp\/v2\/types\/page"}],"author":[{"embeddable":true,"href":"https:\/\/www.haldugroep.nl\/ro\/wp-json\/wp\/v2\/users\/10"}],"replies":[{"embeddable":true,"href":"https:\/\/www.haldugroep.nl\/ro\/wp-json\/wp\/v2\/comments?post=19237"}],"version-history":[{"count":0,"href":"https:\/\/www.haldugroep.nl\/ro\/wp-json\/wp\/v2\/pages\/19237\/revisions"}],"wp:attachment":[{"href":"https:\/\/www.haldugroep.nl\/ro\/wp-json\/wp\/v2\/media?parent=19237"}],"curies":[{"name":"wp","href":"https:\/\/api.w.org\/{rel}","templated":true}]}}