{"id":19224,"date":"2022-04-22T15:26:39","date_gmt":"2022-04-22T13:26:39","guid":{"rendered":"https:\/\/www.haldugroep.nl\/?page_id=19224"},"modified":"2022-05-04T14:52:58","modified_gmt":"2022-05-04T12:52:58","slug":"cazare","status":"publish","type":"page","link":"https:\/\/www.haldugroep.nl\/ro\/cazare\/","title":{"rendered":"Cazare"},"content":{"rendered":"[vc_row type=&#8221;full_width_content&#8221; full_screen_row_position=&#8221;middle&#8221; column_margin=&#8221;default&#8221; equal_height=&#8221;yes&#8221; column_direction=&#8221;default&#8221; column_direction_tablet=&#8221;column_reverse&#8221; column_direction_phone=&#8221;column_reverse&#8221; scene_position=&#8221;center&#8221; text_color=&#8221;dark&#8221; text_align=&#8221;left&#8221; row_border_radius=&#8221;none&#8221; row_border_radius_applies=&#8221;bg&#8221; overflow=&#8221;visible&#8221; advanced_gradient_angle=&#8221;0&#8243; overlay_strength=&#8221;0.3&#8243; gradient_direction=&#8221;left_to_right&#8221; shape_divider_position=&#8221;bottom&#8221; bg_image_animation=&#8221;none&#8221; gradient_type=&#8221;default&#8221; shape_type=&#8221;&#8221;][vc_column column_padding=&#8221;no-extra-padding&#8221; column_padding_tablet=&#8221;inherit&#8221; column_padding_phone=&#8221;inherit&#8221; column_padding_position=&#8221;all&#8221; column_element_spacing=&#8221;default&#8221; background_color_opacity=&#8221;1&#8243; background_hover_color_opacity=&#8221;1&#8243; background_image=&#8221;18100&#8243; background_image_position=&#8221;center center&#8221; background_image_loading=&#8221;default&#8221; column_shadow=&#8221;none&#8221; column_border_radius=&#8221;none&#8221; column_link_target=&#8221;_self&#8221; column_position=&#8221;default&#8221; advanced_gradient_angle=&#8221;0&#8243; gradient_direction=&#8221;left_to_right&#8221; overlay_strength=&#8221;0.3&#8243; width=&#8221;1\/2&#8243; tablet_width_inherit=&#8221;default&#8221; tablet_text_alignment=&#8221;default&#8221; phone_text_alignment=&#8221;default&#8221; animation_type=&#8221;default&#8221; bg_image_animation=&#8221;none&#8221; border_type=&#8221;simple&#8221; column_border_width=&#8221;none&#8221; column_border_style=&#8221;solid&#8221; gradient_type=&#8221;default&#8221;][\/vc_column][vc_column column_padding=&#8221;padding-9-percent&#8221; column_padding_tablet=&#8221;inherit&#8221; column_padding_phone=&#8221;inherit&#8221; column_padding_position=&#8221;all&#8221; column_element_spacing=&#8221;default&#8221; background_color_opacity=&#8221;1&#8243; background_hover_color_opacity=&#8221;1&#8243; column_shadow=&#8221;none&#8221; column_border_radius=&#8221;none&#8221; column_link_target=&#8221;_self&#8221; column_position=&#8221;default&#8221; advanced_gradient_angle=&#8221;0&#8243; gradient_direction=&#8221;left_to_right&#8221; overlay_strength=&#8221;0.3&#8243; width=&#8221;1\/2&#8243; tablet_width_inherit=&#8221;default&#8221; tablet_text_alignment=&#8221;default&#8221; phone_text_alignment=&#8221;default&#8221; animation_type=&#8221;default&#8221; bg_image_animation=&#8221;none&#8221; border_type=&#8221;simple&#8221; column_border_width=&#8221;none&#8221; column_border_style=&#8221;solid&#8221; gradient_type=&#8221;default&#8221;][vc_custom_heading text=&#8221;Cazare&#8221; font_container=&#8221;tag:h1|font_size:38|text_align:left|line_height:1.2&#8243; use_theme_fonts=&#8221;yes&#8221; css_animation=&#8221;none&#8221;][vc_column_text]<strong>\u00cenainte de a \u00eencepe s\u0103 munci\u021bi \u00een Olanda, Haldu Groep v\u0103 va ajuta initial s\u0103 v\u0103 instala\u021bi.<\/strong><\/p>\n<p>Poate a\u021bi auzit multe despre Olanda, morile de v\u00e2nt \u0219i lalele. Dar cum ar fi s\u0103 tr\u0103i\u021bi \u0219i s\u0103 lucra\u021bi aici, printre olandezii care muncesc din greu? Puteti s\u0103 c\u00e2\u0219tigati o sum\u0103 decent\u0103 de bani care poate fi trimis\u0103 acas\u0103 \u00een fiecare s\u0103pt\u0103m\u00e2n\u0103. Mul\u021bi colegi de la Haldu Groep au r\u0103spuns deja pozitiv la aceast\u0103 \u00eentrebare. Ei au \u00eendr\u0103znit s\u0103 fac\u0103 pasul pe care dvs. \u00eel lua\u021bi \u00een considerare: s\u0103 munci\u021bi \u0219i s\u0103 tr\u0103i\u021bi c\u00e2teva s\u0103pt\u0103m\u00e2ni \u00een Olanda \u0219i apoi s\u0103 veni\u021bi acas\u0103 pentru weekend. Aici, \u00een Olanda, am schimbat ceea ce ei au considerat anterior ca dezavantaje \u00een avantaje. Membrii familiilor lor \u00eemp\u0103rt\u0103\u0219esc, de asemenea, aceast\u0103 opinie.[\/vc_column_text][\/vc_column][\/vc_row][vc_row type=&#8221;full_width_content&#8221; full_screen_row_position=&#8221;middle&#8221; column_margin=&#8221;default&#8221; equal_height=&#8221;yes&#8221; column_direction=&#8221;default&#8221; column_direction_tablet=&#8221;default&#8221; column_direction_phone=&#8221;default&#8221; scene_position=&#8221;center&#8221; text_color=&#8221;dark&#8221; text_align=&#8221;left&#8221; row_border_radius=&#8221;none&#8221; row_border_radius_applies=&#8221;bg&#8221; overflow=&#8221;visible&#8221; advanced_gradient_angle=&#8221;0&#8243; overlay_strength=&#8221;0.3&#8243; gradient_direction=&#8221;left_to_right&#8221; shape_divider_position=&#8221;bottom&#8221; bg_image_animation=&#8221;none&#8221; gradient_type=&#8221;default&#8221; shape_type=&#8221;&#8221;][vc_column column_padding=&#8221;padding-9-percent&#8221; column_padding_tablet=&#8221;inherit&#8221; column_padding_phone=&#8221;inherit&#8221; column_padding_position=&#8221;all&#8221; column_element_spacing=&#8221;default&#8221; background_color=&#8221;#ffffff&#8221; background_color_opacity=&#8221;1&#8243; background_hover_color_opacity=&#8221;1&#8243; column_shadow=&#8221;none&#8221; column_border_radius=&#8221;none&#8221; column_link_target=&#8221;_self&#8221; column_position=&#8221;default&#8221; advanced_gradient_angle=&#8221;0&#8243; gradient_direction=&#8221;left_to_right&#8221; overlay_strength=&#8221;0.3&#8243; width=&#8221;1\/2&#8243; tablet_width_inherit=&#8221;default&#8221; tablet_text_alignment=&#8221;default&#8221; phone_text_alignment=&#8221;default&#8221; animation_type=&#8221;default&#8221; bg_image_animation=&#8221;none&#8221; border_type=&#8221;simple&#8221; column_border_width=&#8221;none&#8221; column_border_style=&#8221;solid&#8221; gradient_type=&#8221;default&#8221;][vc_custom_heading text=&#8221;Mai \u00eent\u00e2i trebuie s\u0103 v\u0103 obi\u0219nuiti cu ideea, \u0219i apoi pute\u021bi \u00eencepe s\u0103 munci\u021bi. Este o ofert\u0103 bun\u0103, nu-i a\u0219a?&#8221; font_container=&#8221;tag:h2|font_size:38|text_align:left|line_height:1.2&#8243; use_theme_fonts=&#8221;yes&#8221; css_animation=&#8221;none&#8221;][vc_column_text]Haldu Groep func\u021bioneaz\u0103 \u00eentr-un mod complet diferit, permi\u021b\u00e2ndu-v\u0103 s\u0103 v\u0103 stabili\u021bi mai \u00eent\u00e2i \u00eentr-o \u021bar\u0103 nou\u0103. V\u0103 permitem, de asemenea, s\u0103 cunoa\u0219te\u021bi bine societatea olandez\u0103. Unde \u0219i cum rezolva\u021bi cele mai importante probleme? Unde este zona comercial\u0103? Cum rezolva\u021bi problemele financiare? Cum pute\u021bi apela la un medic \u00een caz de urgen\u021b\u0103? Coordonatorul dvs. personal de la Haldu Groep v\u0103 va ar\u0103ta cum \u0219i v\u0103 va ajuta s\u0103 v\u0103 descurca\u021bi. Apoi va veni timpul s\u0103 \u00eencepe\u021bi munca. Ca urmare, schimbarea legat\u0103 de separarea de familia dvs. va fi pu\u021bin mai u\u0219oar\u0103. Bine\u00een\u021beles, le ve\u021bi duce dorul, \u0219i lor le va fi dor de dumneavoastr\u0103, dar mult mai pu\u021bin dec\u00e2t crede\u021bi acum datorit\u0103 aten\u021biei individuale primite de la Haldu Groep.[\/vc_column_text][\/vc_column][vc_column column_padding=&#8221;no-extra-padding&#8221; column_padding_tablet=&#8221;inherit&#8221; column_padding_phone=&#8221;inherit&#8221; column_padding_position=&#8221;all&#8221; column_element_spacing=&#8221;default&#8221; background_color_opacity=&#8221;1&#8243; background_hover_color_opacity=&#8221;1&#8243; background_image=&#8221;18105&#8243; background_image_position=&#8221;center center&#8221; background_image_loading=&#8221;default&#8221; column_shadow=&#8221;none&#8221; column_border_radius=&#8221;none&#8221; column_link_target=&#8221;_self&#8221; column_position=&#8221;default&#8221; advanced_gradient_angle=&#8221;0&#8243; gradient_direction=&#8221;left_to_right&#8221; overlay_strength=&#8221;0.3&#8243; width=&#8221;1\/2&#8243; tablet_width_inherit=&#8221;default&#8221; tablet_text_alignment=&#8221;default&#8221; phone_text_alignment=&#8221;default&#8221; animation_type=&#8221;default&#8221; bg_image_animation=&#8221;none&#8221; border_type=&#8221;simple&#8221; column_border_width=&#8221;none&#8221; column_border_style=&#8221;solid&#8221; gradient_type=&#8221;default&#8221;][\/vc_column][\/vc_row][vc_row type=&#8221;full_width_content&#8221; full_screen_row_position=&#8221;middle&#8221; column_margin=&#8221;default&#8221; equal_height=&#8221;yes&#8221; column_direction=&#8221;default&#8221; column_direction_tablet=&#8221;column_reverse&#8221; column_direction_phone=&#8221;column_reverse&#8221; scene_position=&#8221;center&#8221; text_color=&#8221;dark&#8221; text_align=&#8221;left&#8221; row_border_radius=&#8221;none&#8221; row_border_radius_applies=&#8221;bg&#8221; overflow=&#8221;visible&#8221; advanced_gradient_angle=&#8221;0&#8243; overlay_strength=&#8221;0.3&#8243; gradient_direction=&#8221;left_to_right&#8221; shape_divider_position=&#8221;bottom&#8221; bg_image_animation=&#8221;none&#8221; gradient_type=&#8221;default&#8221; shape_type=&#8221;&#8221;][vc_column column_padding=&#8221;no-extra-padding&#8221; column_padding_tablet=&#8221;inherit&#8221; column_padding_phone=&#8221;inherit&#8221; column_padding_position=&#8221;all&#8221; column_element_spacing=&#8221;default&#8221; background_color_opacity=&#8221;1&#8243; background_hover_color_opacity=&#8221;1&#8243; background_image=&#8221;18108&#8243; background_image_position=&#8221;center center&#8221; background_image_loading=&#8221;default&#8221; column_shadow=&#8221;none&#8221; column_border_radius=&#8221;none&#8221; column_link_target=&#8221;_self&#8221; column_position=&#8221;default&#8221; advanced_gradient_angle=&#8221;0&#8243; gradient_direction=&#8221;left_to_right&#8221; overlay_strength=&#8221;0.3&#8243; width=&#8221;1\/2&#8243; tablet_width_inherit=&#8221;default&#8221; tablet_text_alignment=&#8221;default&#8221; phone_text_alignment=&#8221;default&#8221; animation_type=&#8221;default&#8221; bg_image_animation=&#8221;none&#8221; border_type=&#8221;simple&#8221; column_border_width=&#8221;none&#8221; column_border_style=&#8221;solid&#8221; gradient_type=&#8221;default&#8221;][\/vc_column][vc_column column_padding=&#8221;padding-9-percent&#8221; column_padding_tablet=&#8221;inherit&#8221; column_padding_phone=&#8221;inherit&#8221; column_padding_position=&#8221;all&#8221; column_element_spacing=&#8221;default&#8221; background_color=&#8221;#ffffff&#8221; background_color_opacity=&#8221;1&#8243; background_hover_color_opacity=&#8221;1&#8243; column_shadow=&#8221;none&#8221; column_border_radius=&#8221;none&#8221; column_link_target=&#8221;_self&#8221; column_position=&#8221;default&#8221; advanced_gradient_angle=&#8221;0&#8243; gradient_direction=&#8221;left_to_right&#8221; overlay_strength=&#8221;0.3&#8243; width=&#8221;1\/2&#8243; tablet_width_inherit=&#8221;default&#8221; tablet_text_alignment=&#8221;default&#8221; phone_text_alignment=&#8221;default&#8221; animation_type=&#8221;default&#8221; bg_image_animation=&#8221;none&#8221; border_type=&#8221;simple&#8221; column_border_width=&#8221;none&#8221; column_border_style=&#8221;solid&#8221; gradient_type=&#8221;default&#8221;][vc_custom_heading text=&#8221;Tr\u0103i\u021bi ca olandezii: convenabil \u0219i cu toate facilit\u0103\u021bile standard&#8221; font_container=&#8221;tag:h2|font_size:38|text_align:left|line_height:1.2&#8243; use_theme_fonts=&#8221;yes&#8221; css_animation=&#8221;none&#8221;][vc_column_text]Haldu Groep v\u0103 invit\u0103 s\u0103 veni\u021bi \u0219i s\u0103 munciti \u00eentr-o societate olandez\u0103 bine organizat\u0103. Cu toate acestea, ne pas\u0103 \u00een primul r\u00e2nd de modul \u00een care ve\u021bi tr\u0103i \u00een aceast\u0103 etap\u0103 provocatoare a carierei dumneavoastr\u0103. Noi acord\u0103m o mare aten\u021bie \u0219i depunem eforturi \u00een rezervarea caz\u0103rii dumneavoastr\u0103. \u00cen primul r\u00e2nd noi percepem locul de cazare de care ave\u021bi nevoie atat de mult, ca un bun necesar. Haldu Groep consider\u0103 c\u0103 este dreptul dvs. de baz\u0103 s\u0103 tr\u0103i\u021bi ca \u0219i olandezii: confortabil \u0219i cu toate facilit\u0103\u021bile standard. De aceea v\u0103 oferim cazare \u00een apartamente la standarde \u00eenalte cu dormitorul dumneavoastr\u0103.[\/vc_column_text][\/vc_column][\/vc_row][vc_row type=&#8221;full_width_content&#8221; full_screen_row_position=&#8221;middle&#8221; column_margin=&#8221;default&#8221; equal_height=&#8221;yes&#8221; column_direction=&#8221;default&#8221; column_direction_tablet=&#8221;default&#8221; column_direction_phone=&#8221;default&#8221; scene_position=&#8221;center&#8221; text_color=&#8221;dark&#8221; text_align=&#8221;left&#8221; row_border_radius=&#8221;none&#8221; row_border_radius_applies=&#8221;bg&#8221; overflow=&#8221;visible&#8221; advanced_gradient_angle=&#8221;0&#8243; overlay_strength=&#8221;0.3&#8243; gradient_direction=&#8221;left_to_right&#8221; shape_divider_position=&#8221;bottom&#8221; bg_image_animation=&#8221;none&#8221; gradient_type=&#8221;default&#8221; shape_type=&#8221;&#8221;][vc_column column_padding=&#8221;padding-9-percent&#8221; column_padding_tablet=&#8221;inherit&#8221; column_padding_phone=&#8221;inherit&#8221; column_padding_position=&#8221;all&#8221; column_element_spacing=&#8221;default&#8221; background_color=&#8221;#ffffff&#8221; background_color_opacity=&#8221;1&#8243; background_hover_color_opacity=&#8221;1&#8243; column_shadow=&#8221;none&#8221; column_border_radius=&#8221;none&#8221; column_link_target=&#8221;_self&#8221; column_position=&#8221;default&#8221; advanced_gradient_angle=&#8221;0&#8243; gradient_direction=&#8221;left_to_right&#8221; overlay_strength=&#8221;0.3&#8243; width=&#8221;1\/2&#8243; tablet_width_inherit=&#8221;default&#8221; tablet_text_alignment=&#8221;default&#8221; phone_text_alignment=&#8221;default&#8221; animation_type=&#8221;default&#8221; bg_image_animation=&#8221;none&#8221; border_type=&#8221;simple&#8221; column_border_width=&#8221;none&#8221; column_border_style=&#8221;solid&#8221; gradient_type=&#8221;default&#8221;][vc_custom_heading text=&#8221;\u00cen societatea olandez\u0103&#8221; font_container=&#8221;tag:h2|font_size:38|text_align:left|line_height:1.2&#8243; use_theme_fonts=&#8221;yes&#8221; css_animation=&#8221;none&#8221;][vc_column_text]Apartamentul dvs. v\u0103 ofer\u0103 confort, spa\u021biu \u0219i lini\u0219te. Deci, dup\u0103 o zi de munc\u0103 grea v\u0103 \u00eentoarce\u021bi acas\u0103 \u0219i pute\u021bi s\u0103 v\u0103 odihni\u021bi de \u00eendat\u0103 ce a\u021bi terminat munca. Toate casele sunt atent amenajate. Dot\u0103rile includ ustensile de buc\u0103t\u0103rie, ma\u0219in\u0103 de sp\u0103lat, aspirator, televizor cu anten\u0103 satelit \u0219i alte ustensile de baz\u0103. Dar securitatea? Este garantat\u0103 la exact acela\u0219i nivel ca \u0219i \u00een cazul activit\u0103\u021bii dumneavoastr\u0103 pentru Haldu Groep.<\/p>\n<p><strong>Deplasarea la munc\u0103: realizat\u0103 cu u\u0219urin\u021b\u0103<\/strong><br \/>\nLoca\u021bia dvs. de cazare va fi c\u00e2t mai aproape posibil de locul de munc\u0103, at\u00e2t timp c\u00e2t depinde de Haldu Groep.<\/p>\n<p>Cum v\u0103 ve\u021bi deplasa la munc\u0103 \u00een fiecare zi? Vom avea grij\u0103 de aceast lucru! Ce se \u00eent\u00e2mpl\u0103 dac\u0103 exist\u0103 o distan\u021b\u0103 mai mare de parcurs? Atunci ne vom asigura c\u0103 \u00eentotdeauna ajunge\u021bi acolo la timp.[\/vc_column_text][\/vc_column][vc_column column_padding=&#8221;no-extra-padding&#8221; column_padding_tablet=&#8221;inherit&#8221; column_padding_phone=&#8221;inherit&#8221; column_padding_position=&#8221;all&#8221; column_element_spacing=&#8221;default&#8221; background_color_opacity=&#8221;1&#8243; background_hover_color_opacity=&#8221;1&#8243; background_image=&#8221;18113&#8243; background_image_position=&#8221;center center&#8221; background_image_loading=&#8221;default&#8221; column_shadow=&#8221;none&#8221; column_border_radius=&#8221;none&#8221; column_link_target=&#8221;_self&#8221; column_position=&#8221;default&#8221; advanced_gradient_angle=&#8221;0&#8243; gradient_direction=&#8221;left_to_right&#8221; overlay_strength=&#8221;0.3&#8243; width=&#8221;1\/2&#8243; tablet_width_inherit=&#8221;default&#8221; tablet_text_alignment=&#8221;default&#8221; phone_text_alignment=&#8221;default&#8221; animation_type=&#8221;default&#8221; bg_image_animation=&#8221;none&#8221; border_type=&#8221;simple&#8221; column_border_width=&#8221;none&#8221; column_border_style=&#8221;solid&#8221; gradient_type=&#8221;default&#8221;][\/vc_column][\/vc_row]\n","protected":false},"excerpt":{"rendered":"<p>[vc_row type=&#8221;full_width_content&#8221; full_screen_row_position=&#8221;middle&#8221; column_margin=&#8221;default&#8221; equal_height=&#8221;yes&#8221; column_direction=&#8221;default&#8221; column_direction_tablet=&#8221;column_reverse&#8221; column_direction_phone=&#8221;column_reverse&#8221; scene_position=&#8221;center&#8221; text_color=&#8221;dark&#8221; text_align=&#8221;left&#8221; row_border_radius=&#8221;none&#8221; row_border_radius_applies=&#8221;bg&#8221; overflow=&#8221;visible&#8221; advanced_gradient_angle=&#8221;0&#8243; overlay_strength=&#8221;0.3&#8243; gradient_direction=&#8221;left_to_right&#8221; shape_divider_position=&#8221;bottom&#8221; bg_image_animation=&#8221;none&#8221; gradient_type=&#8221;default&#8221;&#8230;<\/p>\n","protected":false},"author":10,"featured_media":0,"parent":0,"menu_order":0,"comment_status":"closed","ping_status":"closed","template":"","meta":{"_acf_changed":false,"footnotes":""},"class_list":["post-19224","page","type-page","status-publish"],"acf":[],"yoast_head":"<!-- This site is optimized with the Yoast SEO plugin v27.3 - https:\/\/yoast.com\/product\/yoast-seo-wordpress\/ -->\n<title>Cazare | Haldu Groep Olanda<\/title>\n<meta name=\"description\" content=\"De aceea v\u0103 oferim cazare \u00een apartamente la standarde \u00eenalte cu dormitorul dumneavoastr\u0103.\" \/>\n<meta name=\"robots\" content=\"index, follow, max-snippet:-1, max-image-preview:large, max-video-preview:-1\" \/>\n<link rel=\"canonical\" href=\"https:\/\/www.haldugroep.nl\/ro\/cazare\/\" \/>\n<meta name=\"twitter:card\" content=\"summary_large_image\" \/>\n<meta name=\"twitter:title\" content=\"Cazare | Haldu Groep Olanda\" \/>\n<meta name=\"twitter:description\" content=\"De aceea v\u0103 oferim cazare \u00een apartamente la standarde \u00eenalte cu dormitorul dumneavoastr\u0103.\" \/>\n<meta name=\"twitter:label1\" content=\"Timp estimat pentru citire\" \/>\n\t<meta name=\"twitter:data1\" content=\"4 minute\" \/>\n<script type=\"application\/ld+json\" class=\"yoast-schema-graph\">{\"@context\":\"https:\\\/\\\/schema.org\",\"@graph\":[{\"@type\":\"WebPage\",\"@id\":\"https:\\\/\\\/www.haldugroep.nl\\\/ro\\\/cazare\\\/\",\"url\":\"https:\\\/\\\/www.haldugroep.nl\\\/ro\\\/cazare\\\/\",\"name\":\"Cazare | Haldu Groep Olanda\",\"isPartOf\":{\"@id\":\"https:\\\/\\\/www.haldugroep.nl\\\/ro\\\/#website\"},\"datePublished\":\"2022-04-22T13:26:39+00:00\",\"dateModified\":\"2022-05-04T12:52:58+00:00\",\"description\":\"De aceea v\u0103 oferim cazare \u00een apartamente la standarde \u00eenalte cu dormitorul dumneavoastr\u0103.\",\"breadcrumb\":{\"@id\":\"https:\\\/\\\/www.haldugroep.nl\\\/ro\\\/cazare\\\/#breadcrumb\"},\"inLanguage\":\"ro-RO\",\"potentialAction\":[{\"@type\":\"ReadAction\",\"target\":[\"https:\\\/\\\/www.haldugroep.nl\\\/ro\\\/cazare\\\/\"]}]},{\"@type\":\"BreadcrumbList\",\"@id\":\"https:\\\/\\\/www.haldugroep.nl\\\/ro\\\/cazare\\\/#breadcrumb\",\"itemListElement\":[{\"@type\":\"ListItem\",\"position\":1,\"name\":\"Home\",\"item\":\"https:\\\/\\\/www.haldugroep.nl\\\/ro\\\/\"},{\"@type\":\"ListItem\",\"position\":2,\"name\":\"Cazare\"}]},{\"@type\":\"WebSite\",\"@id\":\"https:\\\/\\\/www.haldugroep.nl\\\/ro\\\/#website\",\"url\":\"https:\\\/\\\/www.haldugroep.nl\\\/ro\\\/\",\"name\":\"Haldu Groep\",\"description\":\"\",\"publisher\":{\"@id\":\"https:\\\/\\\/www.haldugroep.nl\\\/ro\\\/#organization\"},\"potentialAction\":[{\"@type\":\"SearchAction\",\"target\":{\"@type\":\"EntryPoint\",\"urlTemplate\":\"https:\\\/\\\/www.haldugroep.nl\\\/ro\\\/?s={search_term_string}\"},\"query-input\":{\"@type\":\"PropertyValueSpecification\",\"valueRequired\":true,\"valueName\":\"search_term_string\"}}],\"inLanguage\":\"ro-RO\"},{\"@type\":\"Organization\",\"@id\":\"https:\\\/\\\/www.haldugroep.nl\\\/ro\\\/#organization\",\"name\":\"Haldu Groep\",\"url\":\"https:\\\/\\\/www.haldugroep.nl\\\/ro\\\/\",\"logo\":{\"@type\":\"ImageObject\",\"inLanguage\":\"ro-RO\",\"@id\":\"https:\\\/\\\/www.haldugroep.nl\\\/ro\\\/#\\\/schema\\\/logo\\\/image\\\/\",\"url\":\"https:\\\/\\\/www.haldugroep.nl\\\/wp-content\\\/uploads\\\/logo-haldu-groep-1.png\",\"contentUrl\":\"https:\\\/\\\/www.haldugroep.nl\\\/wp-content\\\/uploads\\\/logo-haldu-groep-1.png\",\"width\":900,\"height\":281,\"caption\":\"Haldu Groep\"},\"image\":{\"@id\":\"https:\\\/\\\/www.haldugroep.nl\\\/ro\\\/#\\\/schema\\\/logo\\\/image\\\/\"}}]}<\/script>\n<!-- \/ Yoast SEO plugin. -->","yoast_head_json":{"title":"Cazare | Haldu Groep Olanda","description":"De aceea v\u0103 oferim cazare \u00een apartamente la standarde \u00eenalte cu dormitorul dumneavoastr\u0103.","robots":{"index":"index","follow":"follow","max-snippet":"max-snippet:-1","max-image-preview":"max-image-preview:large","max-video-preview":"max-video-preview:-1"},"canonical":"https:\/\/www.haldugroep.nl\/ro\/cazare\/","twitter_card":"summary_large_image","twitter_title":"Cazare | Haldu Groep Olanda","twitter_description":"De aceea v\u0103 oferim cazare \u00een apartamente la standarde \u00eenalte cu dormitorul dumneavoastr\u0103.","twitter_misc":{"Timp estimat pentru citire":"4 minute"},"schema":{"@context":"https:\/\/schema.org","@graph":[{"@type":"WebPage","@id":"https:\/\/www.haldugroep.nl\/ro\/cazare\/","url":"https:\/\/www.haldugroep.nl\/ro\/cazare\/","name":"Cazare | Haldu Groep Olanda","isPartOf":{"@id":"https:\/\/www.haldugroep.nl\/ro\/#website"},"datePublished":"2022-04-22T13:26:39+00:00","dateModified":"2022-05-04T12:52:58+00:00","description":"De aceea v\u0103 oferim cazare \u00een apartamente la standarde \u00eenalte cu dormitorul dumneavoastr\u0103.","breadcrumb":{"@id":"https:\/\/www.haldugroep.nl\/ro\/cazare\/#breadcrumb"},"inLanguage":"ro-RO","potentialAction":[{"@type":"ReadAction","target":["https:\/\/www.haldugroep.nl\/ro\/cazare\/"]}]},{"@type":"BreadcrumbList","@id":"https:\/\/www.haldugroep.nl\/ro\/cazare\/#breadcrumb","itemListElement":[{"@type":"ListItem","position":1,"name":"Home","item":"https:\/\/www.haldugroep.nl\/ro\/"},{"@type":"ListItem","position":2,"name":"Cazare"}]},{"@type":"WebSite","@id":"https:\/\/www.haldugroep.nl\/ro\/#website","url":"https:\/\/www.haldugroep.nl\/ro\/","name":"Haldu Groep","description":"","publisher":{"@id":"https:\/\/www.haldugroep.nl\/ro\/#organization"},"potentialAction":[{"@type":"SearchAction","target":{"@type":"EntryPoint","urlTemplate":"https:\/\/www.haldugroep.nl\/ro\/?s={search_term_string}"},"query-input":{"@type":"PropertyValueSpecification","valueRequired":true,"valueName":"search_term_string"}}],"inLanguage":"ro-RO"},{"@type":"Organization","@id":"https:\/\/www.haldugroep.nl\/ro\/#organization","name":"Haldu Groep","url":"https:\/\/www.haldugroep.nl\/ro\/","logo":{"@type":"ImageObject","inLanguage":"ro-RO","@id":"https:\/\/www.haldugroep.nl\/ro\/#\/schema\/logo\/image\/","url":"https:\/\/www.haldugroep.nl\/wp-content\/uploads\/logo-haldu-groep-1.png","contentUrl":"https:\/\/www.haldugroep.nl\/wp-content\/uploads\/logo-haldu-groep-1.png","width":900,"height":281,"caption":"Haldu Groep"},"image":{"@id":"https:\/\/www.haldugroep.nl\/ro\/#\/schema\/logo\/image\/"}}]}},"_links":{"self":[{"href":"https:\/\/www.haldugroep.nl\/ro\/wp-json\/wp\/v2\/pages\/19224","targetHints":{"allow":["GET"]}}],"collection":[{"href":"https:\/\/www.haldugroep.nl\/ro\/wp-json\/wp\/v2\/pages"}],"about":[{"href":"https:\/\/www.haldugroep.nl\/ro\/wp-json\/wp\/v2\/types\/page"}],"author":[{"embeddable":true,"href":"https:\/\/www.haldugroep.nl\/ro\/wp-json\/wp\/v2\/users\/10"}],"replies":[{"embeddable":true,"href":"https:\/\/www.haldugroep.nl\/ro\/wp-json\/wp\/v2\/comments?post=19224"}],"version-history":[{"count":0,"href":"https:\/\/www.haldugroep.nl\/ro\/wp-json\/wp\/v2\/pages\/19224\/revisions"}],"wp:attachment":[{"href":"https:\/\/www.haldugroep.nl\/ro\/wp-json\/wp\/v2\/media?parent=19224"}],"curies":[{"name":"wp","href":"https:\/\/api.w.org\/{rel}","templated":true}]}}