{"id":19716,"date":"2022-04-25T12:04:34","date_gmt":"2022-04-25T10:04:34","guid":{"rendered":"https:\/\/www.haldugroep.nl\/?page_id=19716"},"modified":"2023-05-08T09:44:56","modified_gmt":"2023-05-08T07:44:56","slug":"az-oraid-regisztralasanak-menete","status":"publish","type":"page","link":"https:\/\/www.haldugroep.nl\/hu\/az-oraid-regisztralasanak-menete\/","title":{"rendered":"Az \u00f3r\u00e1id regisztr\u00e1l\u00e1s\u00e1nak menete"},"content":{"rendered":"[vc_row type=&#8221;full_width_content&#8221; full_screen_row_position=&#8221;middle&#8221; column_margin=&#8221;default&#8221; equal_height=&#8221;yes&#8221; column_direction=&#8221;default&#8221; column_direction_tablet=&#8221;column_reverse&#8221; column_direction_phone=&#8221;column_reverse&#8221; scene_position=&#8221;center&#8221; text_color=&#8221;dark&#8221; text_align=&#8221;left&#8221; row_border_radius=&#8221;none&#8221; row_border_radius_applies=&#8221;bg&#8221; overflow=&#8221;visible&#8221; advanced_gradient_angle=&#8221;0&#8243; overlay_strength=&#8221;0.3&#8243; gradient_direction=&#8221;left_to_right&#8221; shape_divider_position=&#8221;bottom&#8221; bg_image_animation=&#8221;none&#8221; gradient_type=&#8221;default&#8221; shape_type=&#8221;&#8221;][vc_column column_padding=&#8221;no-extra-padding&#8221; column_padding_tablet=&#8221;inherit&#8221; column_padding_phone=&#8221;inherit&#8221; column_padding_position=&#8221;all&#8221; column_element_direction_desktop=&#8221;default&#8221; column_element_spacing=&#8221;default&#8221; desktop_text_alignment=&#8221;default&#8221; tablet_text_alignment=&#8221;default&#8221; phone_text_alignment=&#8221;default&#8221; background_color_opacity=&#8221;1&#8243; background_hover_color_opacity=&#8221;1&#8243; background_image=&#8221;9039&#8243; background_image_position=&#8221;center center&#8221; background_image_stacking=&#8221;default&#8221; background_image_loading=&#8221;default&#8221; column_backdrop_filter=&#8221;none&#8221; column_shadow=&#8221;none&#8221; column_border_radius=&#8221;none&#8221; column_link_target=&#8221;_self&#8221; column_position=&#8221;default&#8221; advanced_gradient_angle=&#8221;0&#8243; gradient_direction=&#8221;left_to_right&#8221; overlay_strength=&#8221;0.3&#8243; width=&#8221;1\/2&#8243; tablet_width_inherit=&#8221;default&#8221; animation_type=&#8221;default&#8221; bg_image_animation=&#8221;none&#8221; border_type=&#8221;simple&#8221; column_border_width=&#8221;none&#8221; column_border_style=&#8221;solid&#8221; gradient_type=&#8221;default&#8221;][\/vc_column][vc_column column_padding=&#8221;padding-9-percent&#8221; column_padding_tablet=&#8221;inherit&#8221; column_padding_phone=&#8221;inherit&#8221; column_padding_position=&#8221;all&#8221; column_element_direction_desktop=&#8221;default&#8221; column_element_spacing=&#8221;default&#8221; desktop_text_alignment=&#8221;default&#8221; tablet_text_alignment=&#8221;default&#8221; phone_text_alignment=&#8221;default&#8221; background_color_opacity=&#8221;1&#8243; background_hover_color_opacity=&#8221;1&#8243; column_backdrop_filter=&#8221;none&#8221; column_shadow=&#8221;none&#8221; column_border_radius=&#8221;none&#8221; column_link_target=&#8221;_self&#8221; column_position=&#8221;default&#8221; advanced_gradient_angle=&#8221;0&#8243; gradient_direction=&#8221;left_to_right&#8221; overlay_strength=&#8221;0.3&#8243; width=&#8221;1\/2&#8243; tablet_width_inherit=&#8221;default&#8221; animation_type=&#8221;default&#8221; bg_image_animation=&#8221;none&#8221; border_type=&#8221;simple&#8221; column_border_width=&#8221;none&#8221; column_border_style=&#8221;solid&#8221; gradient_type=&#8221;default&#8221;][vc_custom_heading text=&#8221;Az \u00f3r\u00e1id regisztr\u00e1l\u00e1s\u00e1nak menete&#8221; font_container=&#8221;tag:h1|font_size:38|text_align:left|line_height:1.2&#8243; use_theme_fonts=&#8221;yes&#8221; css_animation=&#8221;none&#8221;][vc_column_text]Haldu Groep nagy hangs\u00falyt fektet a pontos heti kifizet\u00e9sekre. A megfelel\u0151 kifizet\u00e9sek \u00e9rdek\u00e9ben azonban fontos, hogy a munkaid\u0151-nyilv\u00e1ntart\u00e1sok id\u0151ben \u00e9s megfelel\u0151en kit\u00f6ltve legyenek elk\u00fcldve. Irod\u00e1nkban az \u00e1ll\u00e1sinterj\u00fan r\u00e9szletesen elmagyar\u00e1zzuk ennek pontos menet\u00e9t.<\/p>\n<p>F\u00e9lre\u00e9rt\u00e9s eset\u00e9n tov\u00e1bbi inform\u00e1ci\u00f3\u00e9rt fordulj az irod\u00e1hoz! Szem\u00e9lyes koordin\u00e1torod a seg\u00edts\u00e9gedre siet.[\/vc_column_text][divider line_type=&#8221;No Line&#8221; custom_height=&#8221;40&#8243;][\/vc_column][\/vc_row]\n","protected":false},"excerpt":{"rendered":"<p>[vc_row type=&#8221;full_width_content&#8221; full_screen_row_position=&#8221;middle&#8221; column_margin=&#8221;default&#8221; equal_height=&#8221;yes&#8221; column_direction=&#8221;default&#8221; column_direction_tablet=&#8221;column_reverse&#8221; column_direction_phone=&#8221;column_reverse&#8221; scene_position=&#8221;center&#8221; text_color=&#8221;dark&#8221; text_align=&#8221;left&#8221; row_border_radius=&#8221;none&#8221; row_border_radius_applies=&#8221;bg&#8221; overflow=&#8221;visible&#8221; advanced_gradient_angle=&#8221;0&#8243; overlay_strength=&#8221;0.3&#8243; gradient_direction=&#8221;left_to_right&#8221; shape_divider_position=&#8221;bottom&#8221; bg_image_animation=&#8221;none&#8221; gradient_type=&#8221;default&#8221;&#8230;<\/p>\n","protected":false},"author":10,"featured_media":0,"parent":0,"menu_order":0,"comment_status":"closed","ping_status":"closed","template":"","meta":{"_acf_changed":false,"footnotes":""},"class_list":["post-19716","page","type-page","status-publish"],"acf":[],"yoast_head":"<!-- This site is optimized with the Yoast SEO plugin v27.3 - https:\/\/yoast.com\/product\/yoast-seo-wordpress\/ -->\n<title>Az \u00f3r\u00e1id regisztr\u00e1l\u00e1s\u00e1nak menete | Haldu Groep<\/title>\n<meta name=\"description\" content=\"Az \u00f3r\u00e1id regisztr\u00e1l\u00e1s\u00e1nak menete\" \/>\n<meta name=\"robots\" content=\"index, follow, max-snippet:-1, max-image-preview:large, max-video-preview:-1\" \/>\n<link rel=\"canonical\" href=\"https:\/\/www.haldugroep.nl\/hu\/az-oraid-regisztralasanak-menete\/\" \/>\n<meta name=\"twitter:card\" content=\"summary_large_image\" \/>\n<meta name=\"twitter:title\" content=\"Az \u00f3r\u00e1id regisztr\u00e1l\u00e1s\u00e1nak menete | Haldu Groep\" \/>\n<meta name=\"twitter:description\" content=\"Az \u00f3r\u00e1id regisztr\u00e1l\u00e1s\u00e1nak menete\" \/>\n<meta name=\"twitter:label1\" content=\"Becs\u00fclt olvas\u00e1si id\u0151\" \/>\n\t<meta name=\"twitter:data1\" content=\"1 perc\" \/>\n<script type=\"application\/ld+json\" class=\"yoast-schema-graph\">{\"@context\":\"https:\\\/\\\/schema.org\",\"@graph\":[{\"@type\":\"WebPage\",\"@id\":\"https:\\\/\\\/www.haldugroep.nl\\\/hu\\\/az-oraid-regisztralasanak-menete\\\/\",\"url\":\"https:\\\/\\\/www.haldugroep.nl\\\/hu\\\/az-oraid-regisztralasanak-menete\\\/\",\"name\":\"Az \u00f3r\u00e1id regisztr\u00e1l\u00e1s\u00e1nak menete | Haldu Groep\",\"isPartOf\":{\"@id\":\"https:\\\/\\\/www.haldugroep.nl\\\/hu\\\/#website\"},\"datePublished\":\"2022-04-25T10:04:34+00:00\",\"dateModified\":\"2023-05-08T07:44:56+00:00\",\"description\":\"Az \u00f3r\u00e1id regisztr\u00e1l\u00e1s\u00e1nak menete\",\"breadcrumb\":{\"@id\":\"https:\\\/\\\/www.haldugroep.nl\\\/hu\\\/az-oraid-regisztralasanak-menete\\\/#breadcrumb\"},\"inLanguage\":\"hu\",\"potentialAction\":[{\"@type\":\"ReadAction\",\"target\":[\"https:\\\/\\\/www.haldugroep.nl\\\/hu\\\/az-oraid-regisztralasanak-menete\\\/\"]}]},{\"@type\":\"BreadcrumbList\",\"@id\":\"https:\\\/\\\/www.haldugroep.nl\\\/hu\\\/az-oraid-regisztralasanak-menete\\\/#breadcrumb\",\"itemListElement\":[{\"@type\":\"ListItem\",\"position\":1,\"name\":\"Home\",\"item\":\"https:\\\/\\\/www.haldugroep.nl\\\/hu\\\/\"},{\"@type\":\"ListItem\",\"position\":2,\"name\":\"Az \u00f3r\u00e1id regisztr\u00e1l\u00e1s\u00e1nak menete\"}]},{\"@type\":\"WebSite\",\"@id\":\"https:\\\/\\\/www.haldugroep.nl\\\/hu\\\/#website\",\"url\":\"https:\\\/\\\/www.haldugroep.nl\\\/hu\\\/\",\"name\":\"Haldu Groep\",\"description\":\"\",\"publisher\":{\"@id\":\"https:\\\/\\\/www.haldugroep.nl\\\/hu\\\/#organization\"},\"potentialAction\":[{\"@type\":\"SearchAction\",\"target\":{\"@type\":\"EntryPoint\",\"urlTemplate\":\"https:\\\/\\\/www.haldugroep.nl\\\/hu\\\/?s={search_term_string}\"},\"query-input\":{\"@type\":\"PropertyValueSpecification\",\"valueRequired\":true,\"valueName\":\"search_term_string\"}}],\"inLanguage\":\"hu\"},{\"@type\":\"Organization\",\"@id\":\"https:\\\/\\\/www.haldugroep.nl\\\/hu\\\/#organization\",\"name\":\"Haldu Groep\",\"url\":\"https:\\\/\\\/www.haldugroep.nl\\\/hu\\\/\",\"logo\":{\"@type\":\"ImageObject\",\"inLanguage\":\"hu\",\"@id\":\"https:\\\/\\\/www.haldugroep.nl\\\/hu\\\/#\\\/schema\\\/logo\\\/image\\\/\",\"url\":\"https:\\\/\\\/www.haldugroep.nl\\\/wp-content\\\/uploads\\\/logo-haldu-groep-1.png\",\"contentUrl\":\"https:\\\/\\\/www.haldugroep.nl\\\/wp-content\\\/uploads\\\/logo-haldu-groep-1.png\",\"width\":900,\"height\":281,\"caption\":\"Haldu Groep\"},\"image\":{\"@id\":\"https:\\\/\\\/www.haldugroep.nl\\\/hu\\\/#\\\/schema\\\/logo\\\/image\\\/\"}}]}<\/script>\n<!-- \/ Yoast SEO plugin. -->","yoast_head_json":{"title":"Az \u00f3r\u00e1id regisztr\u00e1l\u00e1s\u00e1nak menete | Haldu Groep","description":"Az \u00f3r\u00e1id regisztr\u00e1l\u00e1s\u00e1nak menete","robots":{"index":"index","follow":"follow","max-snippet":"max-snippet:-1","max-image-preview":"max-image-preview:large","max-video-preview":"max-video-preview:-1"},"canonical":"https:\/\/www.haldugroep.nl\/hu\/az-oraid-regisztralasanak-menete\/","twitter_card":"summary_large_image","twitter_title":"Az \u00f3r\u00e1id regisztr\u00e1l\u00e1s\u00e1nak menete | Haldu Groep","twitter_description":"Az \u00f3r\u00e1id regisztr\u00e1l\u00e1s\u00e1nak menete","twitter_misc":{"Becs\u00fclt olvas\u00e1si id\u0151":"1 perc"},"schema":{"@context":"https:\/\/schema.org","@graph":[{"@type":"WebPage","@id":"https:\/\/www.haldugroep.nl\/hu\/az-oraid-regisztralasanak-menete\/","url":"https:\/\/www.haldugroep.nl\/hu\/az-oraid-regisztralasanak-menete\/","name":"Az \u00f3r\u00e1id regisztr\u00e1l\u00e1s\u00e1nak menete | Haldu Groep","isPartOf":{"@id":"https:\/\/www.haldugroep.nl\/hu\/#website"},"datePublished":"2022-04-25T10:04:34+00:00","dateModified":"2023-05-08T07:44:56+00:00","description":"Az \u00f3r\u00e1id regisztr\u00e1l\u00e1s\u00e1nak menete","breadcrumb":{"@id":"https:\/\/www.haldugroep.nl\/hu\/az-oraid-regisztralasanak-menete\/#breadcrumb"},"inLanguage":"hu","potentialAction":[{"@type":"ReadAction","target":["https:\/\/www.haldugroep.nl\/hu\/az-oraid-regisztralasanak-menete\/"]}]},{"@type":"BreadcrumbList","@id":"https:\/\/www.haldugroep.nl\/hu\/az-oraid-regisztralasanak-menete\/#breadcrumb","itemListElement":[{"@type":"ListItem","position":1,"name":"Home","item":"https:\/\/www.haldugroep.nl\/hu\/"},{"@type":"ListItem","position":2,"name":"Az \u00f3r\u00e1id regisztr\u00e1l\u00e1s\u00e1nak menete"}]},{"@type":"WebSite","@id":"https:\/\/www.haldugroep.nl\/hu\/#website","url":"https:\/\/www.haldugroep.nl\/hu\/","name":"Haldu Groep","description":"","publisher":{"@id":"https:\/\/www.haldugroep.nl\/hu\/#organization"},"potentialAction":[{"@type":"SearchAction","target":{"@type":"EntryPoint","urlTemplate":"https:\/\/www.haldugroep.nl\/hu\/?s={search_term_string}"},"query-input":{"@type":"PropertyValueSpecification","valueRequired":true,"valueName":"search_term_string"}}],"inLanguage":"hu"},{"@type":"Organization","@id":"https:\/\/www.haldugroep.nl\/hu\/#organization","name":"Haldu Groep","url":"https:\/\/www.haldugroep.nl\/hu\/","logo":{"@type":"ImageObject","inLanguage":"hu","@id":"https:\/\/www.haldugroep.nl\/hu\/#\/schema\/logo\/image\/","url":"https:\/\/www.haldugroep.nl\/wp-content\/uploads\/logo-haldu-groep-1.png","contentUrl":"https:\/\/www.haldugroep.nl\/wp-content\/uploads\/logo-haldu-groep-1.png","width":900,"height":281,"caption":"Haldu Groep"},"image":{"@id":"https:\/\/www.haldugroep.nl\/hu\/#\/schema\/logo\/image\/"}}]}},"_links":{"self":[{"href":"https:\/\/www.haldugroep.nl\/hu\/wp-json\/wp\/v2\/pages\/19716","targetHints":{"allow":["GET"]}}],"collection":[{"href":"https:\/\/www.haldugroep.nl\/hu\/wp-json\/wp\/v2\/pages"}],"about":[{"href":"https:\/\/www.haldugroep.nl\/hu\/wp-json\/wp\/v2\/types\/page"}],"author":[{"embeddable":true,"href":"https:\/\/www.haldugroep.nl\/hu\/wp-json\/wp\/v2\/users\/10"}],"replies":[{"embeddable":true,"href":"https:\/\/www.haldugroep.nl\/hu\/wp-json\/wp\/v2\/comments?post=19716"}],"version-history":[{"count":0,"href":"https:\/\/www.haldugroep.nl\/hu\/wp-json\/wp\/v2\/pages\/19716\/revisions"}],"wp:attachment":[{"href":"https:\/\/www.haldugroep.nl\/hu\/wp-json\/wp\/v2\/media?parent=19716"}],"curies":[{"name":"wp","href":"https:\/\/api.w.org\/{rel}","templated":true}]}}