{"id":25630,"date":"2022-03-18T15:58:00","date_gmt":"2022-03-18T13:58:00","guid":{"rendered":"https:\/\/www.haldugroep.nl\/?page_id=25630"},"modified":"2022-12-12T13:46:16","modified_gmt":"2022-12-12T11:46:16","slug":"sobre-nosotros","status":"publish","type":"page","link":"https:\/\/www.haldugroep.nl\/es\/sobre-nosotros\/","title":{"rendered":"Sobre nosotros"},"content":{"rendered":"[vc_row type=\u00bbfull_width_content\u00bb full_screen_row_position=\u00bbmiddle\u00bb column_margin=\u00bbdefault\u00bb equal_height=\u00bbyes\u00bb column_direction=\u00bbdefault\u00bb column_direction_tablet=\u00bbcolumn_reverse\u00bb column_direction_phone=\u00bbcolumn_reverse\u00bb scene_position=\u00bbcenter\u00bb text_color=\u00bbdark\u00bb text_align=\u00bbleft\u00bb row_border_radius=\u00bbnone\u00bb row_border_radius_applies=\u00bbbg\u00bb overflow=\u00bbvisible\u00bb advanced_gradient_angle=\u00bb0&#8243; overlay_strength=\u00bb0.3&#8243; gradient_direction=\u00bbleft_to_right\u00bb shape_divider_position=\u00bbbottom\u00bb bg_image_animation=\u00bbnone\u00bb gradient_type=\u00bbdefault\u00bb shape_type=\u00bb\u00bb][vc_column column_padding=\u00bbno-extra-padding\u00bb column_padding_tablet=\u00bbinherit\u00bb column_padding_phone=\u00bbinherit\u00bb column_padding_position=\u00bball\u00bb column_element_direction_desktop=\u00bbdefault\u00bb column_element_spacing=\u00bbdefault\u00bb desktop_text_alignment=\u00bbdefault\u00bb tablet_text_alignment=\u00bbdefault\u00bb phone_text_alignment=\u00bbdefault\u00bb background_color_opacity=\u00bb1&#8243; background_hover_color_opacity=\u00bb1&#8243; background_image=\u00bb9036&#8243; background_image_position=\u00bbcenter center\u00bb background_image_stacking=\u00bbdefault\u00bb background_image_loading=\u00bbdefault\u00bb column_backdrop_filter=\u00bbnone\u00bb column_shadow=\u00bbnone\u00bb column_border_radius=\u00bbnone\u00bb column_link_target=\u00bb_self\u00bb column_position=\u00bbdefault\u00bb advanced_gradient_angle=\u00bb0&#8243; gradient_direction=\u00bbleft_to_right\u00bb overlay_strength=\u00bb0.3&#8243; width=\u00bb1\/2&#8243; tablet_width_inherit=\u00bbdefault\u00bb animation_type=\u00bbdefault\u00bb bg_image_animation=\u00bbnone\u00bb border_type=\u00bbsimple\u00bb column_border_width=\u00bbnone\u00bb column_border_style=\u00bbsolid\u00bb gradient_type=\u00bbdefault\u00bb][\/vc_column][vc_column column_padding=\u00bbpadding-9-percent\u00bb column_padding_tablet=\u00bbinherit\u00bb column_padding_phone=\u00bbinherit\u00bb column_padding_position=\u00bball\u00bb column_element_direction_desktop=\u00bbdefault\u00bb column_element_spacing=\u00bbdefault\u00bb desktop_text_alignment=\u00bbdefault\u00bb tablet_text_alignment=\u00bbdefault\u00bb phone_text_alignment=\u00bbdefault\u00bb background_color_opacity=\u00bb1&#8243; background_hover_color_opacity=\u00bb1&#8243; column_backdrop_filter=\u00bbnone\u00bb column_shadow=\u00bbnone\u00bb column_border_radius=\u00bbnone\u00bb column_link_target=\u00bb_self\u00bb column_position=\u00bbdefault\u00bb advanced_gradient_angle=\u00bb0&#8243; gradient_direction=\u00bbleft_to_right\u00bb overlay_strength=\u00bb0.3&#8243; width=\u00bb1\/2&#8243; tablet_width_inherit=\u00bbdefault\u00bb animation_type=\u00bbdefault\u00bb bg_image_animation=\u00bbnone\u00bb border_type=\u00bbsimple\u00bb column_border_width=\u00bbnone\u00bb column_border_style=\u00bbsolid\u00bb gradient_type=\u00bbdefault\u00bb][vc_custom_heading text=\u00bbSobre nosotros\u00bb font_container=\u00bbtag:h1|font_size:38|text_align:left|line_height:1.2&#8243; use_theme_fonts=\u00bbyes\u00bb css_animation=\u00bbnone\u00bb][vc_column_text]Haldu Groep es una organizaci\u00f3n que (desde 2010) incluye: Halkers Groesbeek, Duoflex Bouwondersteuning, Gromada Uitzendorganisatie y DeGraaf (desde 2020). Estas 4 agencias de empleo quieren ser un proveedor de personal confiable para las industrias de construcci\u00f3n, ingenier\u00eda y automoci\u00f3n. Alrededor de 400 empleados trabajan diariamente para varios clientes en proyectos en los Pa\u00edses Bajos.[\/vc_column_text][\/vc_column][\/vc_row][vc_row type=\u00bbfull_width_content\u00bb full_screen_row_position=\u00bbmiddle\u00bb column_margin=\u00bbdefault\u00bb equal_height=\u00bbyes\u00bb column_direction=\u00bbdefault\u00bb column_direction_tablet=\u00bbdefault\u00bb column_direction_phone=\u00bbdefault\u00bb scene_position=\u00bbcenter\u00bb text_color=\u00bbdark\u00bb text_align=\u00bbleft\u00bb row_border_radius=\u00bbnone\u00bb row_border_radius_applies=\u00bbbg\u00bb overflow=\u00bbvisible\u00bb advanced_gradient_angle=\u00bb0&#8243; overlay_strength=\u00bb0.3&#8243; gradient_direction=\u00bbleft_to_right\u00bb shape_divider_position=\u00bbbottom\u00bb bg_image_animation=\u00bbnone\u00bb gradient_type=\u00bbdefault\u00bb shape_type=\u00bb\u00bb][vc_column column_padding=\u00bbpadding-9-percent\u00bb column_padding_tablet=\u00bbinherit\u00bb column_padding_phone=\u00bbinherit\u00bb column_padding_position=\u00bball\u00bb column_element_direction_desktop=\u00bbdefault\u00bb column_element_spacing=\u00bbdefault\u00bb desktop_text_alignment=\u00bbdefault\u00bb tablet_text_alignment=\u00bbdefault\u00bb phone_text_alignment=\u00bbdefault\u00bb background_color=\u00bb#ffffff\u00bb background_color_opacity=\u00bb1&#8243; background_hover_color_opacity=\u00bb1&#8243; column_backdrop_filter=\u00bbnone\u00bb column_shadow=\u00bbnone\u00bb column_border_radius=\u00bbnone\u00bb column_link_target=\u00bb_self\u00bb column_position=\u00bbdefault\u00bb advanced_gradient_angle=\u00bb0&#8243; gradient_direction=\u00bbleft_to_right\u00bb overlay_strength=\u00bb0.3&#8243; width=\u00bb1\/2&#8243; tablet_width_inherit=\u00bbdefault\u00bb animation_type=\u00bbdefault\u00bb bg_image_animation=\u00bbnone\u00bb border_type=\u00bbsimple\u00bb column_border_width=\u00bbnone\u00bb column_border_style=\u00bbsolid\u00bb gradient_type=\u00bbdefault\u00bb][vc_custom_heading text=\u00bbAyuda personal\u00bb font_container=\u00bbtag:h2|font_size:38|text_align:left|line_height:1.2&#8243; use_theme_fonts=\u00bbyes\u00bb css_animation=\u00bbnone\u00bb][vc_column_text]\u00bfLe gustar\u00eda trabajar para una empresa que valora el liderazgo personal y la colegialidad? A cambio de su talento, compromiso y conocimiento, su entrenador personal de trabajo en Haldu Groep le brindar\u00e1 atenci\u00f3n y orientaci\u00f3n completas. Desde la presentaci\u00f3n de su solicitud hasta el primer d\u00eda de trabajo en el proyecto del cliente nosotros le brindaremos nuestra mayor cooperaci\u00f3n.[\/vc_column_text][\/vc_column][vc_column column_padding=\u00bbno-extra-padding\u00bb column_padding_tablet=\u00bbinherit\u00bb column_padding_phone=\u00bbinherit\u00bb column_padding_position=\u00bball\u00bb column_element_direction_desktop=\u00bbdefault\u00bb column_element_spacing=\u00bbdefault\u00bb desktop_text_alignment=\u00bbdefault\u00bb tablet_text_alignment=\u00bbdefault\u00bb phone_text_alignment=\u00bbdefault\u00bb background_color_opacity=\u00bb1&#8243; background_hover_color_opacity=\u00bb1&#8243; background_image=\u00bb9037&#8243; background_image_position=\u00bbcenter center\u00bb background_image_stacking=\u00bbdefault\u00bb background_image_loading=\u00bbdefault\u00bb column_backdrop_filter=\u00bbnone\u00bb column_shadow=\u00bbnone\u00bb column_border_radius=\u00bbnone\u00bb column_link_target=\u00bb_self\u00bb column_position=\u00bbdefault\u00bb advanced_gradient_angle=\u00bb0&#8243; gradient_direction=\u00bbleft_to_right\u00bb overlay_strength=\u00bb0.3&#8243; width=\u00bb1\/2&#8243; tablet_width_inherit=\u00bbdefault\u00bb animation_type=\u00bbdefault\u00bb bg_image_animation=\u00bbnone\u00bb border_type=\u00bbsimple\u00bb column_border_width=\u00bbnone\u00bb column_border_style=\u00bbsolid\u00bb gradient_type=\u00bbdefault\u00bb][\/vc_column][\/vc_row][vc_row type=\u00bbfull_width_content\u00bb full_screen_row_position=\u00bbmiddle\u00bb column_margin=\u00bbdefault\u00bb equal_height=\u00bbyes\u00bb column_direction=\u00bbdefault\u00bb column_direction_tablet=\u00bbcolumn_reverse\u00bb column_direction_phone=\u00bbcolumn_reverse\u00bb scene_position=\u00bbcenter\u00bb text_color=\u00bbdark\u00bb text_align=\u00bbleft\u00bb row_border_radius=\u00bbnone\u00bb row_border_radius_applies=\u00bbbg\u00bb overflow=\u00bbvisible\u00bb advanced_gradient_angle=\u00bb0&#8243; overlay_strength=\u00bb0.3&#8243; gradient_direction=\u00bbleft_to_right\u00bb shape_divider_position=\u00bbbottom\u00bb bg_image_animation=\u00bbnone\u00bb gradient_type=\u00bbdefault\u00bb shape_type=\u00bb\u00bb][vc_column column_padding=\u00bbno-extra-padding\u00bb column_padding_tablet=\u00bbinherit\u00bb column_padding_phone=\u00bbinherit\u00bb column_padding_position=\u00bball\u00bb column_element_direction_desktop=\u00bbdefault\u00bb column_element_spacing=\u00bbdefault\u00bb desktop_text_alignment=\u00bbdefault\u00bb tablet_text_alignment=\u00bbdefault\u00bb phone_text_alignment=\u00bbdefault\u00bb background_color_opacity=\u00bb1&#8243; background_hover_color_opacity=\u00bb1&#8243; background_image=\u00bb18136&#8243; background_image_position=\u00bbcenter center\u00bb background_image_stacking=\u00bbdefault\u00bb background_image_loading=\u00bbdefault\u00bb column_backdrop_filter=\u00bbnone\u00bb column_shadow=\u00bbnone\u00bb column_border_radius=\u00bbnone\u00bb column_link_target=\u00bb_self\u00bb column_position=\u00bbdefault\u00bb advanced_gradient_angle=\u00bb0&#8243; gradient_direction=\u00bbleft_to_right\u00bb overlay_strength=\u00bb0.3&#8243; width=\u00bb1\/2&#8243; tablet_width_inherit=\u00bbdefault\u00bb animation_type=\u00bbdefault\u00bb bg_image_animation=\u00bbnone\u00bb border_type=\u00bbsimple\u00bb column_border_width=\u00bbnone\u00bb column_border_style=\u00bbsolid\u00bb gradient_type=\u00bbdefault\u00bb][\/vc_column][vc_column column_padding=\u00bbpadding-9-percent\u00bb column_padding_tablet=\u00bbinherit\u00bb column_padding_phone=\u00bbinherit\u00bb column_padding_position=\u00bball\u00bb column_element_direction_desktop=\u00bbdefault\u00bb column_element_spacing=\u00bbdefault\u00bb desktop_text_alignment=\u00bbdefault\u00bb tablet_text_alignment=\u00bbdefault\u00bb phone_text_alignment=\u00bbdefault\u00bb background_color=\u00bb#ffffff\u00bb background_color_opacity=\u00bb1&#8243; background_hover_color_opacity=\u00bb1&#8243; column_backdrop_filter=\u00bbnone\u00bb column_shadow=\u00bbnone\u00bb column_border_radius=\u00bbnone\u00bb column_link_target=\u00bb_self\u00bb column_position=\u00bbdefault\u00bb advanced_gradient_angle=\u00bb0&#8243; gradient_direction=\u00bbleft_to_right\u00bb overlay_strength=\u00bb0.3&#8243; width=\u00bb1\/2&#8243; tablet_width_inherit=\u00bbdefault\u00bb animation_type=\u00bbdefault\u00bb bg_image_animation=\u00bbnone\u00bb border_type=\u00bbsimple\u00bb column_border_width=\u00bbnone\u00bb column_border_style=\u00bbsolid\u00bb gradient_type=\u00bbdefault\u00bb][vc_custom_heading text=\u00bbUn lugar para tus ambiciones\u00bb font_container=\u00bbtag:h2|font_size:38|text_align:left|line_height:1.2&#8243; use_theme_fonts=\u00bbyes\u00bb css_animation=\u00bbnone\u00bb][vc_column_text]\u00bfTiene ambiciones y est\u00e1 buscando una empresa que le ayude a conseguirlas? Le ayudamos a encontrar trabajo con nuestros clientes en las industrias de construcci\u00f3n, ingenier\u00eda y automoci\u00f3n. De esta manera, puede realizar sus propias ambiciones en Haldu Groep. Lo escuchamos, evaluamos su opini\u00f3n y dirigimos sus comentarios para crear una mejor colaboraci\u00f3n laboral. \u00a1Satisfacci\u00f3n en todos los sentidos! Porque gracias a esto, nuestros h\u00e9roes Haldu trabajan con pasi\u00f3n y energ\u00eda y usted puede contar con ellos.[\/vc_column_text][\/vc_column][\/vc_row][vc_row type=\u00bbfull_width_content\u00bb full_screen_row_position=\u00bbmiddle\u00bb column_margin=\u00bbdefault\u00bb equal_height=\u00bbyes\u00bb column_direction=\u00bbdefault\u00bb column_direction_tablet=\u00bbdefault\u00bb column_direction_phone=\u00bbdefault\u00bb scene_position=\u00bbcenter\u00bb text_color=\u00bbdark\u00bb text_align=\u00bbleft\u00bb row_border_radius=\u00bbnone\u00bb row_border_radius_applies=\u00bbbg\u00bb overflow=\u00bbvisible\u00bb advanced_gradient_angle=\u00bb0&#8243; overlay_strength=\u00bb0.3&#8243; gradient_direction=\u00bbleft_to_right\u00bb shape_divider_position=\u00bbbottom\u00bb bg_image_animation=\u00bbnone\u00bb gradient_type=\u00bbdefault\u00bb shape_type=\u00bb\u00bb][vc_column column_padding=\u00bbpadding-9-percent\u00bb column_padding_tablet=\u00bbinherit\u00bb column_padding_phone=\u00bbinherit\u00bb column_padding_position=\u00bball\u00bb column_element_direction_desktop=\u00bbdefault\u00bb column_element_spacing=\u00bbdefault\u00bb desktop_text_alignment=\u00bbdefault\u00bb tablet_text_alignment=\u00bbdefault\u00bb phone_text_alignment=\u00bbdefault\u00bb background_color=\u00bb#ffffff\u00bb background_color_opacity=\u00bb1&#8243; background_hover_color_opacity=\u00bb1&#8243; column_backdrop_filter=\u00bbnone\u00bb column_shadow=\u00bbnone\u00bb column_border_radius=\u00bbnone\u00bb column_link_target=\u00bb_self\u00bb column_position=\u00bbdefault\u00bb advanced_gradient_angle=\u00bb0&#8243; gradient_direction=\u00bbleft_to_right\u00bb overlay_strength=\u00bb0.3&#8243; width=\u00bb1\/2&#8243; tablet_width_inherit=\u00bbdefault\u00bb animation_type=\u00bbdefault\u00bb bg_image_animation=\u00bbnone\u00bb border_type=\u00bbsimple\u00bb column_border_width=\u00bbnone\u00bb column_border_style=\u00bbsolid\u00bb gradient_type=\u00bbdefault\u00bb][vc_custom_heading text=\u00bbBien certificado\u00bb font_container=\u00bbtag:h2|font_size:38|text_align:left|line_height:1.2&#8243; use_theme_fonts=\u00bbyes\u00bb css_animation=\u00bbnone\u00bb][vc_column_text]Haldu Groep est\u00e1 afiliado a la Asociaci\u00f3n Holandesa de Agentes y Agencias de Empleo (NBBU). NBBU es la asociaci\u00f3n comercial de intermediarios profesionales en el mercado laboral y representa los intereses de m\u00e1s de 1000 amplios proveedores de servicios en el sector del empleo temporal: agencias de empleo temporal, empresas de n\u00f3mina y otros intermediarios en el mercado laboral flexible.<\/p>\n<p>Gracias a la estricta certificaci\u00f3n, puede estar seguro de que su salario ser\u00e1 pagado a tiempo y obtiene lo que le corresponde. Adem\u00e1s de la certificaci\u00f3n NBBU, tambi\u00e9n contamos con la marca de calidad SNA y la marca de calidad SNF.<\/p>\n<p>A trav\u00e9s de la marca de calidad SNA, Haldu Groep garantiza que cumplimos con las leyes y normativas relativas a la provisi\u00f3n de trabajadores temporales. El sello de calidad SNF indica que tenemos alojamientos que cumplen con todos los requisitos para nuestros colegas extranjeros de Haldu.<\/p>\n<p>Haldu Groep tambi\u00e9n tiene un certificado VCU, que demuestra nuestra confiabilidad y demuestra que el trabajo seguro y saludable es de suma importancia en Haldu Groep.[\/vc_column_text][\/vc_column][vc_column column_padding=\u00bbno-extra-padding\u00bb column_padding_tablet=\u00bbinherit\u00bb column_padding_phone=\u00bbinherit\u00bb column_padding_position=\u00bball\u00bb column_element_direction_desktop=\u00bbdefault\u00bb column_element_spacing=\u00bbdefault\u00bb desktop_text_alignment=\u00bbdefault\u00bb tablet_text_alignment=\u00bbdefault\u00bb phone_text_alignment=\u00bbdefault\u00bb background_color_opacity=\u00bb1&#8243; background_hover_color_opacity=\u00bb1&#8243; background_image=\u00bb9038&#8243; background_image_position=\u00bbcenter center\u00bb background_image_stacking=\u00bbdefault\u00bb background_image_loading=\u00bbdefault\u00bb column_backdrop_filter=\u00bbnone\u00bb column_shadow=\u00bbnone\u00bb column_border_radius=\u00bbnone\u00bb column_link_target=\u00bb_self\u00bb column_position=\u00bbdefault\u00bb advanced_gradient_angle=\u00bb0&#8243; gradient_direction=\u00bbleft_to_right\u00bb overlay_strength=\u00bb0.3&#8243; width=\u00bb1\/2&#8243; tablet_width_inherit=\u00bbdefault\u00bb animation_type=\u00bbdefault\u00bb bg_image_animation=\u00bbnone\u00bb border_type=\u00bbsimple\u00bb column_border_width=\u00bbnone\u00bb column_border_style=\u00bbsolid\u00bb gradient_type=\u00bbdefault\u00bb][\/vc_column][\/vc_row]\n","protected":false},"excerpt":{"rendered":"<p>[vc_row type=\u00bbfull_width_content\u00bb full_screen_row_position=\u00bbmiddle\u00bb column_margin=\u00bbdefault\u00bb equal_height=\u00bbyes\u00bb column_direction=\u00bbdefault\u00bb column_direction_tablet=\u00bbcolumn_reverse\u00bb column_direction_phone=\u00bbcolumn_reverse\u00bb scene_position=\u00bbcenter\u00bb text_color=\u00bbdark\u00bb text_align=\u00bbleft\u00bb row_border_radius=\u00bbnone\u00bb row_border_radius_applies=\u00bbbg\u00bb overflow=\u00bbvisible\u00bb advanced_gradient_angle=\u00bb0&#8243; overlay_strength=\u00bb0.3&#8243; gradient_direction=\u00bbleft_to_right\u00bb shape_divider_position=\u00bbbottom\u00bb bg_image_animation=\u00bbnone\u00bb gradient_type=\u00bbdefault\u00bb&#8230;<\/p>\n","protected":false},"author":10,"featured_media":24941,"parent":0,"menu_order":0,"comment_status":"closed","ping_status":"closed","template":"","meta":{"_acf_changed":false,"footnotes":""},"class_list":["post-25630","page","type-page","status-publish","has-post-thumbnail"],"acf":[],"yoast_head":"<!-- This site is optimized with the Yoast SEO plugin v27.3 - https:\/\/yoast.com\/product\/yoast-seo-wordpress\/ -->\n<title>Sobre nosotros | Haldu Groep<\/title>\n<meta name=\"description\" content=\"Alrededor de 400 empleados trabajan diariamente para varios clientes en proyectos en los Pa\u00edses Bajos.\" \/>\n<meta name=\"robots\" content=\"index, follow, max-snippet:-1, max-image-preview:large, max-video-preview:-1\" \/>\n<link rel=\"canonical\" href=\"https:\/\/www.haldugroep.nl\/es\/sobre-nosotros\/\" \/>\n<meta name=\"twitter:card\" content=\"summary_large_image\" \/>\n<meta name=\"twitter:title\" content=\"Sobre nosotros | Haldu Groep\" \/>\n<meta name=\"twitter:description\" content=\"Alrededor de 400 empleados trabajan diariamente para varios clientes en proyectos en los Pa\u00edses Bajos.\" \/>\n<meta name=\"twitter:image\" content=\"https:\/\/www.haldugroep.nl\/wp-content\/uploads\/haldu-groep-office.jpg\" \/>\n<meta name=\"twitter:label1\" content=\"Tiempo de lectura\" \/>\n\t<meta name=\"twitter:data1\" content=\"4 minutos\" \/>\n<script type=\"application\/ld+json\" class=\"yoast-schema-graph\">{\"@context\":\"https:\\\/\\\/schema.org\",\"@graph\":[{\"@type\":\"WebPage\",\"@id\":\"https:\\\/\\\/www.haldugroep.nl\\\/es\\\/sobre-nosotros\\\/\",\"url\":\"https:\\\/\\\/www.haldugroep.nl\\\/es\\\/sobre-nosotros\\\/\",\"name\":\"Sobre nosotros | Haldu Groep\",\"isPartOf\":{\"@id\":\"https:\\\/\\\/www.haldugroep.nl\\\/es\\\/#website\"},\"primaryImageOfPage\":{\"@id\":\"https:\\\/\\\/www.haldugroep.nl\\\/es\\\/sobre-nosotros\\\/#primaryimage\"},\"image\":{\"@id\":\"https:\\\/\\\/www.haldugroep.nl\\\/es\\\/sobre-nosotros\\\/#primaryimage\"},\"thumbnailUrl\":\"https:\\\/\\\/www.haldugroep.nl\\\/wp-content\\\/uploads\\\/haldu-groep-office.jpg\",\"datePublished\":\"2022-03-18T13:58:00+00:00\",\"dateModified\":\"2022-12-12T11:46:16+00:00\",\"description\":\"Alrededor de 400 empleados trabajan diariamente para varios clientes en proyectos en los Pa\u00edses Bajos.\",\"breadcrumb\":{\"@id\":\"https:\\\/\\\/www.haldugroep.nl\\\/es\\\/sobre-nosotros\\\/#breadcrumb\"},\"inLanguage\":\"es\",\"potentialAction\":[{\"@type\":\"ReadAction\",\"target\":[\"https:\\\/\\\/www.haldugroep.nl\\\/es\\\/sobre-nosotros\\\/\"]}]},{\"@type\":\"ImageObject\",\"inLanguage\":\"es\",\"@id\":\"https:\\\/\\\/www.haldugroep.nl\\\/es\\\/sobre-nosotros\\\/#primaryimage\",\"url\":\"https:\\\/\\\/www.haldugroep.nl\\\/wp-content\\\/uploads\\\/haldu-groep-office.jpg\",\"contentUrl\":\"https:\\\/\\\/www.haldugroep.nl\\\/wp-content\\\/uploads\\\/haldu-groep-office.jpg\",\"width\":1200,\"height\":676},{\"@type\":\"BreadcrumbList\",\"@id\":\"https:\\\/\\\/www.haldugroep.nl\\\/es\\\/sobre-nosotros\\\/#breadcrumb\",\"itemListElement\":[{\"@type\":\"ListItem\",\"position\":1,\"name\":\"Home\",\"item\":\"https:\\\/\\\/www.haldugroep.nl\\\/es\\\/\"},{\"@type\":\"ListItem\",\"position\":2,\"name\":\"Sobre nosotros\"}]},{\"@type\":\"WebSite\",\"@id\":\"https:\\\/\\\/www.haldugroep.nl\\\/es\\\/#website\",\"url\":\"https:\\\/\\\/www.haldugroep.nl\\\/es\\\/\",\"name\":\"Haldu Groep\",\"description\":\"\",\"publisher\":{\"@id\":\"https:\\\/\\\/www.haldugroep.nl\\\/es\\\/#organization\"},\"potentialAction\":[{\"@type\":\"SearchAction\",\"target\":{\"@type\":\"EntryPoint\",\"urlTemplate\":\"https:\\\/\\\/www.haldugroep.nl\\\/es\\\/?s={search_term_string}\"},\"query-input\":{\"@type\":\"PropertyValueSpecification\",\"valueRequired\":true,\"valueName\":\"search_term_string\"}}],\"inLanguage\":\"es\"},{\"@type\":\"Organization\",\"@id\":\"https:\\\/\\\/www.haldugroep.nl\\\/es\\\/#organization\",\"name\":\"Haldu Groep\",\"url\":\"https:\\\/\\\/www.haldugroep.nl\\\/es\\\/\",\"logo\":{\"@type\":\"ImageObject\",\"inLanguage\":\"es\",\"@id\":\"https:\\\/\\\/www.haldugroep.nl\\\/es\\\/#\\\/schema\\\/logo\\\/image\\\/\",\"url\":\"https:\\\/\\\/www.haldugroep.nl\\\/wp-content\\\/uploads\\\/logo-haldu-groep-1.png\",\"contentUrl\":\"https:\\\/\\\/www.haldugroep.nl\\\/wp-content\\\/uploads\\\/logo-haldu-groep-1.png\",\"width\":900,\"height\":281,\"caption\":\"Haldu Groep\"},\"image\":{\"@id\":\"https:\\\/\\\/www.haldugroep.nl\\\/es\\\/#\\\/schema\\\/logo\\\/image\\\/\"}}]}<\/script>\n<!-- \/ Yoast SEO plugin. -->","yoast_head_json":{"title":"Sobre nosotros | Haldu Groep","description":"Alrededor de 400 empleados trabajan diariamente para varios clientes en proyectos en los Pa\u00edses Bajos.","robots":{"index":"index","follow":"follow","max-snippet":"max-snippet:-1","max-image-preview":"max-image-preview:large","max-video-preview":"max-video-preview:-1"},"canonical":"https:\/\/www.haldugroep.nl\/es\/sobre-nosotros\/","twitter_card":"summary_large_image","twitter_title":"Sobre nosotros | Haldu Groep","twitter_description":"Alrededor de 400 empleados trabajan diariamente para varios clientes en proyectos en los Pa\u00edses Bajos.","twitter_image":"https:\/\/www.haldugroep.nl\/wp-content\/uploads\/haldu-groep-office.jpg","twitter_misc":{"Tiempo de lectura":"4 minutos"},"schema":{"@context":"https:\/\/schema.org","@graph":[{"@type":"WebPage","@id":"https:\/\/www.haldugroep.nl\/es\/sobre-nosotros\/","url":"https:\/\/www.haldugroep.nl\/es\/sobre-nosotros\/","name":"Sobre nosotros | Haldu Groep","isPartOf":{"@id":"https:\/\/www.haldugroep.nl\/es\/#website"},"primaryImageOfPage":{"@id":"https:\/\/www.haldugroep.nl\/es\/sobre-nosotros\/#primaryimage"},"image":{"@id":"https:\/\/www.haldugroep.nl\/es\/sobre-nosotros\/#primaryimage"},"thumbnailUrl":"https:\/\/www.haldugroep.nl\/wp-content\/uploads\/haldu-groep-office.jpg","datePublished":"2022-03-18T13:58:00+00:00","dateModified":"2022-12-12T11:46:16+00:00","description":"Alrededor de 400 empleados trabajan diariamente para varios clientes en proyectos en los Pa\u00edses Bajos.","breadcrumb":{"@id":"https:\/\/www.haldugroep.nl\/es\/sobre-nosotros\/#breadcrumb"},"inLanguage":"es","potentialAction":[{"@type":"ReadAction","target":["https:\/\/www.haldugroep.nl\/es\/sobre-nosotros\/"]}]},{"@type":"ImageObject","inLanguage":"es","@id":"https:\/\/www.haldugroep.nl\/es\/sobre-nosotros\/#primaryimage","url":"https:\/\/www.haldugroep.nl\/wp-content\/uploads\/haldu-groep-office.jpg","contentUrl":"https:\/\/www.haldugroep.nl\/wp-content\/uploads\/haldu-groep-office.jpg","width":1200,"height":676},{"@type":"BreadcrumbList","@id":"https:\/\/www.haldugroep.nl\/es\/sobre-nosotros\/#breadcrumb","itemListElement":[{"@type":"ListItem","position":1,"name":"Home","item":"https:\/\/www.haldugroep.nl\/es\/"},{"@type":"ListItem","position":2,"name":"Sobre nosotros"}]},{"@type":"WebSite","@id":"https:\/\/www.haldugroep.nl\/es\/#website","url":"https:\/\/www.haldugroep.nl\/es\/","name":"Haldu Groep","description":"","publisher":{"@id":"https:\/\/www.haldugroep.nl\/es\/#organization"},"potentialAction":[{"@type":"SearchAction","target":{"@type":"EntryPoint","urlTemplate":"https:\/\/www.haldugroep.nl\/es\/?s={search_term_string}"},"query-input":{"@type":"PropertyValueSpecification","valueRequired":true,"valueName":"search_term_string"}}],"inLanguage":"es"},{"@type":"Organization","@id":"https:\/\/www.haldugroep.nl\/es\/#organization","name":"Haldu Groep","url":"https:\/\/www.haldugroep.nl\/es\/","logo":{"@type":"ImageObject","inLanguage":"es","@id":"https:\/\/www.haldugroep.nl\/es\/#\/schema\/logo\/image\/","url":"https:\/\/www.haldugroep.nl\/wp-content\/uploads\/logo-haldu-groep-1.png","contentUrl":"https:\/\/www.haldugroep.nl\/wp-content\/uploads\/logo-haldu-groep-1.png","width":900,"height":281,"caption":"Haldu Groep"},"image":{"@id":"https:\/\/www.haldugroep.nl\/es\/#\/schema\/logo\/image\/"}}]}},"_links":{"self":[{"href":"https:\/\/www.haldugroep.nl\/es\/wp-json\/wp\/v2\/pages\/25630","targetHints":{"allow":["GET"]}}],"collection":[{"href":"https:\/\/www.haldugroep.nl\/es\/wp-json\/wp\/v2\/pages"}],"about":[{"href":"https:\/\/www.haldugroep.nl\/es\/wp-json\/wp\/v2\/types\/page"}],"author":[{"embeddable":true,"href":"https:\/\/www.haldugroep.nl\/es\/wp-json\/wp\/v2\/users\/10"}],"replies":[{"embeddable":true,"href":"https:\/\/www.haldugroep.nl\/es\/wp-json\/wp\/v2\/comments?post=25630"}],"version-history":[{"count":0,"href":"https:\/\/www.haldugroep.nl\/es\/wp-json\/wp\/v2\/pages\/25630\/revisions"}],"wp:featuredmedia":[{"embeddable":true,"href":"https:\/\/www.haldugroep.nl\/es\/wp-json\/wp\/v2\/media\/24941"}],"wp:attachment":[{"href":"https:\/\/www.haldugroep.nl\/es\/wp-json\/wp\/v2\/media?parent=25630"}],"curies":[{"name":"wp","href":"https:\/\/api.w.org\/{rel}","templated":true}]}}